{"id":2064,"date":"2026-03-06T07:34:32","date_gmt":"2026-03-06T06:34:32","guid":{"rendered":"https:\/\/tilburgmetalfest.nl\/web\/?page_id=2064"},"modified":"2026-03-09T11:16:18","modified_gmt":"2026-03-09T10:16:18","slug":"trojan","status":"publish","type":"page","link":"https:\/\/tilburgmetalfest.nl\/web\/trojan\/","title":{"rendered":"TR\u00d6JAN"},"content":{"rendered":"<p><!-- PAGE WRAPPER --><\/p>\n<div style=\"width: 100%; margin: 0; padding: 0;\">\n<p><!-- HERO --><\/p>\n<div style=\"position: relative; width: 100%; min-height: 100vh; overflow: hidden;\">\n<p><!-- BACK BUTTON --><\/p>\n<div style=\"position: absolute; top: 20px; left: 20px; z-index: 9999;\"><a style=\"display: inline-block; background: #b33b2e; color: #fff; padding: 10px 22px; border-radius: 4px; font-weight: 900; text-decoration: none; letter-spacing: 1px; box-shadow: 0 0 10px #000;\" href=\"https:\/\/tilburgmetalfest.nl\/web\/line-up-2026\/\"><br \/>\nBACK<br \/>\n<\/a><\/div>\n<p><!-- HERO IMAGE (SCHOON) --><br \/>\n<img decoding=\"async\" style=\"width: 100%; height: 100%; object-fit: cover; display: block;\" src=\"https:\/\/tilburgmetalfest.nl\/web\/wp-content\/uploads\/2026\/03\/TMF-2026-Line-up-page-TROJAN.png\" \/><\/p>\n<\/div>\n\n\n<figure class=\"wp-block-image aligncenter size-medium\"><img loading=\"lazy\" decoding=\"async\" width=\"300\" height=\"113\" src=\"https:\/\/tilburgmetalfest.nl\/web\/wp-content\/uploads\/2026\/03\/TROJAN-Logo-white-1-300x113.png\" alt=\"\" class=\"wp-image-2018\" srcset=\"https:\/\/tilburgmetalfest.nl\/web\/wp-content\/uploads\/2026\/03\/TROJAN-Logo-white-1-300x113.png 300w, https:\/\/tilburgmetalfest.nl\/web\/wp-content\/uploads\/2026\/03\/TROJAN-Logo-white-1-1024x387.png 1024w, https:\/\/tilburgmetalfest.nl\/web\/wp-content\/uploads\/2026\/03\/TROJAN-Logo-white-1-768x290.png 768w, https:\/\/tilburgmetalfest.nl\/web\/wp-content\/uploads\/2026\/03\/TROJAN-Logo-white-1-1536x580.png 1536w, https:\/\/tilburgmetalfest.nl\/web\/wp-content\/uploads\/2026\/03\/TROJAN-Logo-white-1-2048x773.png 2048w, https:\/\/tilburgmetalfest.nl\/web\/wp-content\/uploads\/2026\/03\/TROJAN-Logo-white-1-600x227.png 600w\" sizes=\"auto, (max-width: 300px) 100vw, 300px\" \/><\/figure>\n\n\n\n<div class=\"wp-block-columns is-layout-flex wp-container-core-columns-is-layout-28f84493 wp-block-columns-is-layout-flex\">\n<div class=\"wp-block-column is-layout-flow wp-block-column-is-layout-flow\">\n<p>Tr\u00f6jan is een Britse metalband met wortels in de hoogtijdagen van de NWOBHM.<br>In de jaren \u201980 groeide de groep uit tot een undergroundcultfavoriet dankzij hun snelheid, melodie,<br>en compromisloze attitude. Hoewel de band verschillende line-upwisselingen en tegenslagen heeft gekend,<br>bleef \u00e9\u00e9n ding onveranderd: gitarist Pete Wadeson, de drijvende kracht achter de sound en het erfgoed van Tr\u00f6jan.<\/p>\n\n\n\n<p>Na het uiteenvallen van eerdere bezettingen en een bewogen periode in hun geschiedenis,<br>heeft Pete de band opnieuw opgebouwd \u2014 sterker, strakker en met een nieuwe formatie die trouw blijft aan de klassieke vibe,<br>maar met moderne kracht en energie speelt. De huidige Tr\u00f6jan combineert de herkenbare mix van speed, power en NWOBHM-melodie\u00ebn<br>met een frisse intensiteit die perfect rijmt met hun reputatie als \u201chidden gem\u201d binnen de Britse metalscene.<\/p>\n\n\n\n<p>Met een hernieuwde bezetting en honger die klinkt als de vroege dagen, betreedt Tr\u00f6jan in 2026 opnieuw internationale podia \u2014<br>gretig, vastberaden en met meer vuur dan ooit.<\/p>\n<\/div>\n\n\n\n<div class=\"wp-block-column is-layout-flow wp-block-column-is-layout-flow\">\n<iframe data-testid=\"embed-iframe\" style=\"border-radius:12px\" src=\"https:\/\/open.spotify.com\/embed\/artist\/7kj92HiTtWWN57XW7mpHJV?utm_source=generator&#038;theme=0\" width=\"100%\" height=\"352\" frameBorder=\"0\" allowfullscreen=\"\" allow=\"autoplay; clipboard-write; encrypted-media; fullscreen; picture-in-picture\" loading=\"lazy\"><\/iframe>\n<\/div>\n<\/div>\n\n\n\n<hr class=\"wp-block-separator has-alpha-channel-opacity\"\/>\n\n\n\n<div style=\"margin-top: 30px; display: flex; align-items: center; justify-content: center; gap: 20px;\">\n\n  <!-- FACEBOOK -->\n  <a style=\"display: inline-block;\" href=\"https:\/\/www.facebook.com\/profile.php?id=100084833711230\" target=\"_blank\" rel=\"noopener\">\n    <img decoding=\"async\" style=\"width: 28px; height: 28px;\" src=\"https:\/\/cdn-icons-png.flaticon.com\/512\/733\/733547.png\" alt=\"Facebook\" \/>\n  <\/a>\n\n  <!-- INSTAGRAM -->\n  <a style=\"display: inline-block;\" href=\"https:\/\/www.instagram.com\/trojan_ukmetal\" target=\"_blank\" rel=\"noopener\">\n    <img decoding=\"async\" style=\"width: 28px; height: 28px;\" src=\"https:\/\/cdn-icons-png.flaticon.com\/512\/2111\/2111463.png\" alt=\"Instagram\" \/>\n  <\/a>\n\n<\/div>\n","protected":false},"excerpt":{"rendered":"<p>BACK Tr\u00f6jan is een Britse metalband met wortels in de hoogtijdagen van de NWOBHM.In de jaren \u201980 groeide de groep [&hellip;]<\/p>\n","protected":false},"author":1,"featured_media":0,"parent":0,"menu_order":0,"comment_status":"closed","ping_status":"closed","template":"","meta":{"_uag_custom_page_level_css":"","_monsterinsights_skip_tracking":false,"_monsterinsights_sitenote_active":false,"_monsterinsights_sitenote_note":"","_monsterinsights_sitenote_category":0,"site-sidebar-layout":"default","site-content-layout":"","ast-site-content-layout":"default","site-content-style":"default","site-sidebar-style":"default","ast-global-header-display":"","ast-banner-title-visibility":"","ast-main-header-display":"","ast-hfb-above-header-display":"","ast-hfb-below-header-display":"","ast-hfb-mobile-header-display":"","site-post-title":"","ast-breadcrumbs-content":"","ast-featured-img":"","footer-sml-layout":"","ast-disable-related-posts":"","theme-transparent-header-meta":"","adv-header-id-meta":"","stick-header-meta":"","header-above-stick-meta":"","header-main-stick-meta":"","header-below-stick-meta":"","astra-migrate-meta-layouts":"default","ast-page-background-enabled":"default","ast-page-background-meta":{"desktop":{"background-color":"var(--ast-global-color-5)","background-image":"","background-repeat":"repeat","background-position":"center center","background-size":"auto","background-attachment":"scroll","background-type":"","background-media":"","overlay-type":"","overlay-color":"","overlay-opacity":"","overlay-gradient":""},"tablet":{"background-color":"","background-image":"","background-repeat":"repeat","background-position":"center center","background-size":"auto","background-attachment":"scroll","background-type":"","background-media":"","overlay-type":"","overlay-color":"","overlay-opacity":"","overlay-gradient":""},"mobile":{"background-color":"","background-image":"","background-repeat":"repeat","background-position":"center center","background-size":"auto","background-attachment":"scroll","background-type":"","background-media":"","overlay-type":"","overlay-color":"","overlay-opacity":"","overlay-gradient":""}},"ast-content-background-meta":{"desktop":{"background-color":"var(--ast-global-color-4)","background-image":"","background-repeat":"repeat","background-position":"center center","background-size":"auto","background-attachment":"scroll","background-type":"","background-media":"","overlay-type":"","overlay-color":"","overlay-opacity":"","overlay-gradient":""},"tablet":{"background-color":"var(--ast-global-color-4)","background-image":"","background-repeat":"repeat","background-position":"center center","background-size":"auto","background-attachment":"scroll","background-type":"","background-media":"","overlay-type":"","overlay-color":"","overlay-opacity":"","overlay-gradient":""},"mobile":{"background-color":"var(--ast-global-color-4)","background-image":"","background-repeat":"repeat","background-position":"center center","background-size":"auto","background-attachment":"scroll","background-type":"","background-media":"","overlay-type":"","overlay-color":"","overlay-opacity":"","overlay-gradient":""}},"_themeisle_gutenberg_block_has_review":false,"footnotes":""},"class_list":["post-2064","page","type-page","status-publish","hentry"],"yoast_head":"<!-- This site is optimized with the Yoast SEO plugin v27.4 - https:\/\/yoast.com\/product\/yoast-seo-wordpress\/ -->\n<title>Tr\u00f6jan live op Tilburg Metal Fest 2026 | NWOBHM legends -<\/title>\n<meta name=\"description\" content=\"NWOBHM-band Tr\u00f6jan brengt pure heavy en speed metal naar Tilburg Metal Fest 2026. Beleef deze Britse metallegende live op 18 juli in Alphen.\" \/>\n<meta name=\"robots\" content=\"index, follow, max-snippet:-1, max-image-preview:large, max-video-preview:-1\" \/>\n<link rel=\"canonical\" href=\"https:\/\/tilburgmetalfest.nl\/web\/trojan\/\" \/>\n<meta property=\"og:locale\" content=\"nl_NL\" \/>\n<meta property=\"og:type\" content=\"article\" \/>\n<meta property=\"og:title\" content=\"Tr\u00f6jan live op Tilburg Metal Fest 2026 | NWOBHM legends -\" \/>\n<meta property=\"og:description\" content=\"NWOBHM-band Tr\u00f6jan brengt pure heavy en speed metal naar Tilburg Metal Fest 2026. Beleef deze Britse metallegende live op 18 juli in Alphen.\" \/>\n<meta property=\"og:url\" content=\"https:\/\/tilburgmetalfest.nl\/web\/trojan\/\" \/>\n<meta property=\"article:publisher\" content=\"https:\/\/www.facebook.com\/tilburgmetalfest\/\" \/>\n<meta property=\"article:modified_time\" content=\"2026-03-09T10:16:18+00:00\" \/>\n<meta property=\"og:image\" content=\"https:\/\/tilburgmetalfest.nl\/web\/wp-content\/uploads\/2026\/03\/TMF-2026-Line-up-page-TROJAN.png\" \/>\n<meta name=\"twitter:card\" content=\"summary_large_image\" \/>\n<meta name=\"twitter:site\" content=\"@TmfMetalFest\" \/>\n<meta name=\"twitter:label1\" content=\"Geschatte leestijd\" \/>\n\t<meta name=\"twitter:data1\" content=\"2 minuten\" \/>\n<script type=\"application\/ld+json\" class=\"yoast-schema-graph\">{\"@context\":\"https:\\\/\\\/schema.org\",\"@graph\":[{\"@type\":\"WebPage\",\"@id\":\"https:\\\/\\\/tilburgmetalfest.nl\\\/web\\\/trojan\\\/\",\"url\":\"https:\\\/\\\/tilburgmetalfest.nl\\\/web\\\/trojan\\\/\",\"name\":\"Tr\u00f6jan live op Tilburg Metal Fest 2026 | NWOBHM legends -\",\"isPartOf\":{\"@id\":\"https:\\\/\\\/tilburgmetalfest.nl\\\/web\\\/#website\"},\"primaryImageOfPage\":{\"@id\":\"https:\\\/\\\/tilburgmetalfest.nl\\\/web\\\/trojan\\\/#primaryimage\"},\"image\":{\"@id\":\"https:\\\/\\\/tilburgmetalfest.nl\\\/web\\\/trojan\\\/#primaryimage\"},\"thumbnailUrl\":\"https:\\\/\\\/tilburgmetalfest.nl\\\/web\\\/wp-content\\\/uploads\\\/2026\\\/03\\\/TMF-2026-Line-up-page-TROJAN.png\",\"datePublished\":\"2026-03-06T06:34:32+00:00\",\"dateModified\":\"2026-03-09T10:16:18+00:00\",\"description\":\"NWOBHM-band Tr\u00f6jan brengt pure heavy en speed metal naar Tilburg Metal Fest 2026. Beleef deze Britse metallegende live op 18 juli in Alphen.\",\"breadcrumb\":{\"@id\":\"https:\\\/\\\/tilburgmetalfest.nl\\\/web\\\/trojan\\\/#breadcrumb\"},\"inLanguage\":\"nl-NL\",\"potentialAction\":[{\"@type\":\"ReadAction\",\"target\":[\"https:\\\/\\\/tilburgmetalfest.nl\\\/web\\\/trojan\\\/\"]}]},{\"@type\":\"ImageObject\",\"inLanguage\":\"nl-NL\",\"@id\":\"https:\\\/\\\/tilburgmetalfest.nl\\\/web\\\/trojan\\\/#primaryimage\",\"url\":\"https:\\\/\\\/tilburgmetalfest.nl\\\/web\\\/wp-content\\\/uploads\\\/2026\\\/03\\\/TMF-2026-Line-up-page-TROJAN.png\",\"contentUrl\":\"https:\\\/\\\/tilburgmetalfest.nl\\\/web\\\/wp-content\\\/uploads\\\/2026\\\/03\\\/TMF-2026-Line-up-page-TROJAN.png\",\"width\":1140,\"height\":709},{\"@type\":\"BreadcrumbList\",\"@id\":\"https:\\\/\\\/tilburgmetalfest.nl\\\/web\\\/trojan\\\/#breadcrumb\",\"itemListElement\":[{\"@type\":\"ListItem\",\"position\":1,\"name\":\"Home\",\"item\":\"https:\\\/\\\/tilburgmetalfest.nl\\\/web\\\/\"},{\"@type\":\"ListItem\",\"position\":2,\"name\":\"TR\u00d6JAN\"}]},{\"@type\":\"WebSite\",\"@id\":\"https:\\\/\\\/tilburgmetalfest.nl\\\/web\\\/#website\",\"url\":\"https:\\\/\\\/tilburgmetalfest.nl\\\/web\\\/\",\"name\":\"Tilburg Metalfest\",\"description\":\"Tilburg Metalfest\",\"publisher\":{\"@id\":\"https:\\\/\\\/tilburgmetalfest.nl\\\/web\\\/#organization\"},\"potentialAction\":[{\"@type\":\"SearchAction\",\"target\":{\"@type\":\"EntryPoint\",\"urlTemplate\":\"https:\\\/\\\/tilburgmetalfest.nl\\\/web\\\/?s={search_term_string}\"},\"query-input\":{\"@type\":\"PropertyValueSpecification\",\"valueRequired\":true,\"valueName\":\"search_term_string\"}}],\"inLanguage\":\"nl-NL\"},{\"@type\":\"Organization\",\"@id\":\"https:\\\/\\\/tilburgmetalfest.nl\\\/web\\\/#organization\",\"name\":\"Tilburg Metalfest\",\"url\":\"https:\\\/\\\/tilburgmetalfest.nl\\\/web\\\/\",\"logo\":{\"@type\":\"ImageObject\",\"inLanguage\":\"nl-NL\",\"@id\":\"https:\\\/\\\/tilburgmetalfest.nl\\\/web\\\/#\\\/schema\\\/logo\\\/image\\\/\",\"url\":\"https:\\\/\\\/tilburgmetalfest.nl\\\/web\\\/wp-content\\\/uploads\\\/2023\\\/02\\\/Tilburgmetalfest-Naamlogo.png\",\"contentUrl\":\"https:\\\/\\\/tilburgmetalfest.nl\\\/web\\\/wp-content\\\/uploads\\\/2023\\\/02\\\/Tilburgmetalfest-Naamlogo.png\",\"width\":1920,\"height\":863,\"caption\":\"Tilburg Metalfest\"},\"image\":{\"@id\":\"https:\\\/\\\/tilburgmetalfest.nl\\\/web\\\/#\\\/schema\\\/logo\\\/image\\\/\"},\"sameAs\":[\"https:\\\/\\\/www.facebook.com\\\/tilburgmetalfest\\\/\",\"https:\\\/\\\/x.com\\\/TmfMetalFest\",\"https:\\\/\\\/www.instagram.com\\\/tilburgmetalfest\\\/\"]}]}<\/script>\n<!-- \/ Yoast SEO plugin. -->","yoast_head_json":{"title":"Tr\u00f6jan live op Tilburg Metal Fest 2026 | NWOBHM legends -","description":"NWOBHM-band Tr\u00f6jan brengt pure heavy en speed metal naar Tilburg Metal Fest 2026. Beleef deze Britse metallegende live op 18 juli in Alphen.","robots":{"index":"index","follow":"follow","max-snippet":"max-snippet:-1","max-image-preview":"max-image-preview:large","max-video-preview":"max-video-preview:-1"},"canonical":"https:\/\/tilburgmetalfest.nl\/web\/trojan\/","og_locale":"nl_NL","og_type":"article","og_title":"Tr\u00f6jan live op Tilburg Metal Fest 2026 | NWOBHM legends -","og_description":"NWOBHM-band Tr\u00f6jan brengt pure heavy en speed metal naar Tilburg Metal Fest 2026. Beleef deze Britse metallegende live op 18 juli in Alphen.","og_url":"https:\/\/tilburgmetalfest.nl\/web\/trojan\/","article_publisher":"https:\/\/www.facebook.com\/tilburgmetalfest\/","article_modified_time":"2026-03-09T10:16:18+00:00","og_image":[{"url":"https:\/\/tilburgmetalfest.nl\/web\/wp-content\/uploads\/2026\/03\/TMF-2026-Line-up-page-TROJAN.png","type":"","width":"","height":""}],"twitter_card":"summary_large_image","twitter_site":"@TmfMetalFest","twitter_misc":{"Geschatte leestijd":"2 minuten"},"schema":{"@context":"https:\/\/schema.org","@graph":[{"@type":"WebPage","@id":"https:\/\/tilburgmetalfest.nl\/web\/trojan\/","url":"https:\/\/tilburgmetalfest.nl\/web\/trojan\/","name":"Tr\u00f6jan live op Tilburg Metal Fest 2026 | NWOBHM legends -","isPartOf":{"@id":"https:\/\/tilburgmetalfest.nl\/web\/#website"},"primaryImageOfPage":{"@id":"https:\/\/tilburgmetalfest.nl\/web\/trojan\/#primaryimage"},"image":{"@id":"https:\/\/tilburgmetalfest.nl\/web\/trojan\/#primaryimage"},"thumbnailUrl":"https:\/\/tilburgmetalfest.nl\/web\/wp-content\/uploads\/2026\/03\/TMF-2026-Line-up-page-TROJAN.png","datePublished":"2026-03-06T06:34:32+00:00","dateModified":"2026-03-09T10:16:18+00:00","description":"NWOBHM-band Tr\u00f6jan brengt pure heavy en speed metal naar Tilburg Metal Fest 2026. Beleef deze Britse metallegende live op 18 juli in Alphen.","breadcrumb":{"@id":"https:\/\/tilburgmetalfest.nl\/web\/trojan\/#breadcrumb"},"inLanguage":"nl-NL","potentialAction":[{"@type":"ReadAction","target":["https:\/\/tilburgmetalfest.nl\/web\/trojan\/"]}]},{"@type":"ImageObject","inLanguage":"nl-NL","@id":"https:\/\/tilburgmetalfest.nl\/web\/trojan\/#primaryimage","url":"https:\/\/tilburgmetalfest.nl\/web\/wp-content\/uploads\/2026\/03\/TMF-2026-Line-up-page-TROJAN.png","contentUrl":"https:\/\/tilburgmetalfest.nl\/web\/wp-content\/uploads\/2026\/03\/TMF-2026-Line-up-page-TROJAN.png","width":1140,"height":709},{"@type":"BreadcrumbList","@id":"https:\/\/tilburgmetalfest.nl\/web\/trojan\/#breadcrumb","itemListElement":[{"@type":"ListItem","position":1,"name":"Home","item":"https:\/\/tilburgmetalfest.nl\/web\/"},{"@type":"ListItem","position":2,"name":"TR\u00d6JAN"}]},{"@type":"WebSite","@id":"https:\/\/tilburgmetalfest.nl\/web\/#website","url":"https:\/\/tilburgmetalfest.nl\/web\/","name":"Tilburg Metalfest","description":"Tilburg Metalfest","publisher":{"@id":"https:\/\/tilburgmetalfest.nl\/web\/#organization"},"potentialAction":[{"@type":"SearchAction","target":{"@type":"EntryPoint","urlTemplate":"https:\/\/tilburgmetalfest.nl\/web\/?s={search_term_string}"},"query-input":{"@type":"PropertyValueSpecification","valueRequired":true,"valueName":"search_term_string"}}],"inLanguage":"nl-NL"},{"@type":"Organization","@id":"https:\/\/tilburgmetalfest.nl\/web\/#organization","name":"Tilburg Metalfest","url":"https:\/\/tilburgmetalfest.nl\/web\/","logo":{"@type":"ImageObject","inLanguage":"nl-NL","@id":"https:\/\/tilburgmetalfest.nl\/web\/#\/schema\/logo\/image\/","url":"https:\/\/tilburgmetalfest.nl\/web\/wp-content\/uploads\/2023\/02\/Tilburgmetalfest-Naamlogo.png","contentUrl":"https:\/\/tilburgmetalfest.nl\/web\/wp-content\/uploads\/2023\/02\/Tilburgmetalfest-Naamlogo.png","width":1920,"height":863,"caption":"Tilburg Metalfest"},"image":{"@id":"https:\/\/tilburgmetalfest.nl\/web\/#\/schema\/logo\/image\/"},"sameAs":["https:\/\/www.facebook.com\/tilburgmetalfest\/","https:\/\/x.com\/TmfMetalFest","https:\/\/www.instagram.com\/tilburgmetalfest\/"]}]}},"uagb_featured_image_src":{"full":false,"thumbnail":false,"medium":false,"medium_large":false,"large":false,"1536x1536":false,"2048x2048":false,"woocommerce_thumbnail":false,"woocommerce_single":false,"woocommerce_gallery_thumbnail":false,"audioigniter_cover":false},"uagb_author_info":{"display_name":"Tilburg Metal Fest","author_link":"https:\/\/tilburgmetalfest.nl\/web\/author\/aspa-beheer\/"},"uagb_comment_info":0,"uagb_excerpt":"BACK Tr\u00f6jan is een Britse metalband met wortels in de hoogtijdagen van de NWOBHM.In de jaren \u201980 groeide de groep [&hellip;]","_links":{"self":[{"href":"https:\/\/tilburgmetalfest.nl\/web\/wp-json\/wp\/v2\/pages\/2064","targetHints":{"allow":["GET"]}}],"collection":[{"href":"https:\/\/tilburgmetalfest.nl\/web\/wp-json\/wp\/v2\/pages"}],"about":[{"href":"https:\/\/tilburgmetalfest.nl\/web\/wp-json\/wp\/v2\/types\/page"}],"author":[{"embeddable":true,"href":"https:\/\/tilburgmetalfest.nl\/web\/wp-json\/wp\/v2\/users\/1"}],"replies":[{"embeddable":true,"href":"https:\/\/tilburgmetalfest.nl\/web\/wp-json\/wp\/v2\/comments?post=2064"}],"version-history":[{"count":6,"href":"https:\/\/tilburgmetalfest.nl\/web\/wp-json\/wp\/v2\/pages\/2064\/revisions"}],"predecessor-version":[{"id":2284,"href":"https:\/\/tilburgmetalfest.nl\/web\/wp-json\/wp\/v2\/pages\/2064\/revisions\/2284"}],"wp:attachment":[{"href":"https:\/\/tilburgmetalfest.nl\/web\/wp-json\/wp\/v2\/media?parent=2064"}],"curies":[{"name":"wp","href":"https:\/\/api.w.org\/{rel}","templated":true}]}}